{"id":7313,"date":"2025-07-21T21:56:17","date_gmt":"2025-07-21T19:56:17","guid":{"rendered":"https:\/\/hausmansuites.com\/lyon-foch\/"},"modified":"2025-08-16T11:17:51","modified_gmt":"2025-08-16T09:17:51","slug":"lyon-foch","status":"publish","type":"page","link":"https:\/\/hausmansuites.com\/en\/lyon-foch\/","title":{"rendered":"Lyon Foch"},"content":{"rendered":"\t\t<div data-elementor-type=\"wp-page\" data-elementor-id=\"7313\" class=\"elementor elementor-7313 elementor-4973\" data-elementor-post-type=\"page\">\n\t\t\t\t<div class=\"elementor-element elementor-element-a8e3820 pos-rel e-flex e-con-boxed wpr-particle-no wpr-jarallax-no wpr-parallax-no wpr-sticky-section-no e-con e-parent\" data-id=\"a8e3820\" data-element_type=\"container\" data-settings=\"{&quot;background_background&quot;:&quot;classic&quot;}\">\n\t\t\t\t\t<div class=\"e-con-inner\">\n\t\t<div class=\"elementor-element elementor-element-c095f67 e-con-full e-flex wpr-particle-no wpr-jarallax-no wpr-parallax-no wpr-sticky-section-no e-con e-child\" data-id=\"c095f67\" data-element_type=\"container\" data-settings=\"{&quot;background_background&quot;:&quot;classic&quot;}\">\n\t\t\t\t<div class=\"elementor-element elementor-element-7ccc602 elementor-widget elementor-widget-image\" data-id=\"7ccc602\" data-element_type=\"widget\" data-widget_type=\"image.default\">\n\t\t\t\t\t\t\t\t\t\t\t\t\t\t\t\t<a href=\"\/\">\n\t\t\t\t\t\t\t<img decoding=\"async\" width=\"84\" height=\"84\" data-src=\"https:\/\/hausmansuites.com\/wp-content\/uploads\/2025\/07\/Group-11-1.svg\" class=\"attachment-large size-large wp-image-7093 lazyload\" alt=\"\" src=\"data:image\/svg+xml;base64,PHN2ZyB3aWR0aD0iMSIgaGVpZ2h0PSIxIiB4bWxucz0iaHR0cDovL3d3dy53My5vcmcvMjAwMC9zdmciPjwvc3ZnPg==\" style=\"--smush-placeholder-width: 84px; --smush-placeholder-aspect-ratio: 84\/84;\" \/>\t\t\t\t\t\t\t\t<\/a>\n\t\t\t\t\t\t\t\t\t\t\t\t\t\t\t<\/div>\n\t\t\t\t<div class=\"elementor-element elementor-element-956d2a5 hfe-nav-menu__align-right hfe-link-redirect-self_link elementor-widget__width-auto elementor-widget-tablet__width-initial elementor-widget-mobile__width-initial hfe-submenu-icon-arrow hfe-submenu-animation-none hfe-nav-menu__breakpoint-tablet elementor-widget elementor-widget-navigation-menu\" data-id=\"956d2a5\" data-element_type=\"widget\" data-settings=\"{&quot;padding_horizontal_menu_item&quot;:{&quot;unit&quot;:&quot;px&quot;,&quot;size&quot;:15,&quot;sizes&quot;:[]},&quot;padding_horizontal_menu_item_tablet&quot;:{&quot;unit&quot;:&quot;px&quot;,&quot;size&quot;:&quot;&quot;,&quot;sizes&quot;:[]},&quot;padding_horizontal_menu_item_mobile&quot;:{&quot;unit&quot;:&quot;px&quot;,&quot;size&quot;:&quot;&quot;,&quot;sizes&quot;:[]},&quot;padding_vertical_menu_item&quot;:{&quot;unit&quot;:&quot;px&quot;,&quot;size&quot;:15,&quot;sizes&quot;:[]},&quot;padding_vertical_menu_item_tablet&quot;:{&quot;unit&quot;:&quot;px&quot;,&quot;size&quot;:&quot;&quot;,&quot;sizes&quot;:[]},&quot;padding_vertical_menu_item_mobile&quot;:{&quot;unit&quot;:&quot;px&quot;,&quot;size&quot;:&quot;&quot;,&quot;sizes&quot;:[]},&quot;menu_space_between&quot;:{&quot;unit&quot;:&quot;px&quot;,&quot;size&quot;:&quot;&quot;,&quot;sizes&quot;:[]},&quot;menu_space_between_tablet&quot;:{&quot;unit&quot;:&quot;px&quot;,&quot;size&quot;:&quot;&quot;,&quot;sizes&quot;:[]},&quot;menu_space_between_mobile&quot;:{&quot;unit&quot;:&quot;px&quot;,&quot;size&quot;:&quot;&quot;,&quot;sizes&quot;:[]},&quot;menu_row_space&quot;:{&quot;unit&quot;:&quot;px&quot;,&quot;size&quot;:&quot;&quot;,&quot;sizes&quot;:[]},&quot;menu_row_space_tablet&quot;:{&quot;unit&quot;:&quot;px&quot;,&quot;size&quot;:&quot;&quot;,&quot;sizes&quot;:[]},&quot;menu_row_space_mobile&quot;:{&quot;unit&quot;:&quot;px&quot;,&quot;size&quot;:&quot;&quot;,&quot;sizes&quot;:[]},&quot;dropdown_border_radius&quot;:{&quot;unit&quot;:&quot;px&quot;,&quot;top&quot;:&quot;&quot;,&quot;right&quot;:&quot;&quot;,&quot;bottom&quot;:&quot;&quot;,&quot;left&quot;:&quot;&quot;,&quot;isLinked&quot;:true},&quot;dropdown_border_radius_tablet&quot;:{&quot;unit&quot;:&quot;px&quot;,&quot;top&quot;:&quot;&quot;,&quot;right&quot;:&quot;&quot;,&quot;bottom&quot;:&quot;&quot;,&quot;left&quot;:&quot;&quot;,&quot;isLinked&quot;:true},&quot;dropdown_border_radius_mobile&quot;:{&quot;unit&quot;:&quot;px&quot;,&quot;top&quot;:&quot;&quot;,&quot;right&quot;:&quot;&quot;,&quot;bottom&quot;:&quot;&quot;,&quot;left&quot;:&quot;&quot;,&quot;isLinked&quot;:true},&quot;width_dropdown_item&quot;:{&quot;unit&quot;:&quot;px&quot;,&quot;size&quot;:&quot;220&quot;,&quot;sizes&quot;:[]},&quot;width_dropdown_item_tablet&quot;:{&quot;unit&quot;:&quot;px&quot;,&quot;size&quot;:&quot;&quot;,&quot;sizes&quot;:[]},&quot;width_dropdown_item_mobile&quot;:{&quot;unit&quot;:&quot;px&quot;,&quot;size&quot;:&quot;&quot;,&quot;sizes&quot;:[]},&quot;padding_horizontal_dropdown_item&quot;:{&quot;unit&quot;:&quot;px&quot;,&quot;size&quot;:&quot;&quot;,&quot;sizes&quot;:[]},&quot;padding_horizontal_dropdown_item_tablet&quot;:{&quot;unit&quot;:&quot;px&quot;,&quot;size&quot;:&quot;&quot;,&quot;sizes&quot;:[]},&quot;padding_horizontal_dropdown_item_mobile&quot;:{&quot;unit&quot;:&quot;px&quot;,&quot;size&quot;:&quot;&quot;,&quot;sizes&quot;:[]},&quot;padding_vertical_dropdown_item&quot;:{&quot;unit&quot;:&quot;px&quot;,&quot;size&quot;:15,&quot;sizes&quot;:[]},&quot;padding_vertical_dropdown_item_tablet&quot;:{&quot;unit&quot;:&quot;px&quot;,&quot;size&quot;:&quot;&quot;,&quot;sizes&quot;:[]},&quot;padding_vertical_dropdown_item_mobile&quot;:{&quot;unit&quot;:&quot;px&quot;,&quot;size&quot;:&quot;&quot;,&quot;sizes&quot;:[]},&quot;distance_from_menu&quot;:{&quot;unit&quot;:&quot;px&quot;,&quot;size&quot;:&quot;&quot;,&quot;sizes&quot;:[]},&quot;distance_from_menu_tablet&quot;:{&quot;unit&quot;:&quot;px&quot;,&quot;size&quot;:&quot;&quot;,&quot;sizes&quot;:[]},&quot;distance_from_menu_mobile&quot;:{&quot;unit&quot;:&quot;px&quot;,&quot;size&quot;:&quot;&quot;,&quot;sizes&quot;:[]},&quot;toggle_size&quot;:{&quot;unit&quot;:&quot;px&quot;,&quot;size&quot;:&quot;&quot;,&quot;sizes&quot;:[]},&quot;toggle_size_tablet&quot;:{&quot;unit&quot;:&quot;px&quot;,&quot;size&quot;:&quot;&quot;,&quot;sizes&quot;:[]},&quot;toggle_size_mobile&quot;:{&quot;unit&quot;:&quot;px&quot;,&quot;size&quot;:&quot;&quot;,&quot;sizes&quot;:[]},&quot;toggle_border_width&quot;:{&quot;unit&quot;:&quot;px&quot;,&quot;size&quot;:&quot;&quot;,&quot;sizes&quot;:[]},&quot;toggle_border_width_tablet&quot;:{&quot;unit&quot;:&quot;px&quot;,&quot;size&quot;:&quot;&quot;,&quot;sizes&quot;:[]},&quot;toggle_border_width_mobile&quot;:{&quot;unit&quot;:&quot;px&quot;,&quot;size&quot;:&quot;&quot;,&quot;sizes&quot;:[]},&quot;toggle_border_radius&quot;:{&quot;unit&quot;:&quot;px&quot;,&quot;size&quot;:&quot;&quot;,&quot;sizes&quot;:[]},&quot;toggle_border_radius_tablet&quot;:{&quot;unit&quot;:&quot;px&quot;,&quot;size&quot;:&quot;&quot;,&quot;sizes&quot;:[]},&quot;toggle_border_radius_mobile&quot;:{&quot;unit&quot;:&quot;px&quot;,&quot;size&quot;:&quot;&quot;,&quot;sizes&quot;:[]}}\" data-widget_type=\"navigation-menu.default\">\n\t\t\t\t<div class=\"elementor-widget-container\">\n\t\t\t\t\t\t\t\t<div class=\"hfe-nav-menu hfe-layout-horizontal hfe-nav-menu-layout horizontal hfe-pointer__none\" data-layout=\"horizontal\">\n\t\t\t\t<div role=\"button\" class=\"hfe-nav-menu__toggle elementor-clickable\">\n\t\t\t\t\t<span class=\"screen-reader-text\">Menu<\/span>\n\t\t\t\t\t<div class=\"hfe-nav-menu-icon\">\n\t\t\t\t\t\t<svg aria-hidden=\"true\"  class=\"e-font-icon-svg e-fas-align-justify\" viewBox=\"0 0 448 512\" xmlns=\"http:\/\/www.w3.org\/2000\/svg\"><path d=\"M432 416H16a16 16 0 0 0-16 16v32a16 16 0 0 0 16 16h416a16 16 0 0 0 16-16v-32a16 16 0 0 0-16-16zm0-128H16a16 16 0 0 0-16 16v32a16 16 0 0 0 16 16h416a16 16 0 0 0 16-16v-32a16 16 0 0 0-16-16zm0-128H16a16 16 0 0 0-16 16v32a16 16 0 0 0 16 16h416a16 16 0 0 0 16-16v-32a16 16 0 0 0-16-16zm0-128H16A16 16 0 0 0 0 48v32a16 16 0 0 0 16 16h416a16 16 0 0 0 16-16V48a16 16 0 0 0-16-16z\"><\/path><\/svg>\t\t\t\t\t<\/div>\n\t\t\t\t<\/div>\n\t\t\t\t<nav class=\"hfe-nav-menu__layout-horizontal hfe-nav-menu__submenu-arrow\" data-toggle-icon=\"&lt;svg aria-hidden=&quot;true&quot; tabindex=&quot;0&quot; class=&quot;e-font-icon-svg e-fas-align-justify&quot; viewBox=&quot;0 0 448 512&quot; xmlns=&quot;http:\/\/www.w3.org\/2000\/svg&quot;&gt;&lt;path d=&quot;M432 416H16a16 16 0 0 0-16 16v32a16 16 0 0 0 16 16h416a16 16 0 0 0 16-16v-32a16 16 0 0 0-16-16zm0-128H16a16 16 0 0 0-16 16v32a16 16 0 0 0 16 16h416a16 16 0 0 0 16-16v-32a16 16 0 0 0-16-16zm0-128H16a16 16 0 0 0-16 16v32a16 16 0 0 0 16 16h416a16 16 0 0 0 16-16v-32a16 16 0 0 0-16-16zm0-128H16A16 16 0 0 0 0 48v32a16 16 0 0 0 16 16h416a16 16 0 0 0 16-16V48a16 16 0 0 0-16-16z&quot;&gt;&lt;\/path&gt;&lt;\/svg&gt;\" data-close-icon=\"&lt;svg aria-hidden=&quot;true&quot; tabindex=&quot;0&quot; class=&quot;e-font-icon-svg e-far-window-close&quot; viewBox=&quot;0 0 512 512&quot; xmlns=&quot;http:\/\/www.w3.org\/2000\/svg&quot;&gt;&lt;path d=&quot;M464 32H48C21.5 32 0 53.5 0 80v352c0 26.5 21.5 48 48 48h416c26.5 0 48-21.5 48-48V80c0-26.5-21.5-48-48-48zm0 394c0 3.3-2.7 6-6 6H54c-3.3 0-6-2.7-6-6V86c0-3.3 2.7-6 6-6h404c3.3 0 6 2.7 6 6v340zM356.5 194.6L295.1 256l61.4 61.4c4.6 4.6 4.6 12.1 0 16.8l-22.3 22.3c-4.6 4.6-12.1 4.6-16.8 0L256 295.1l-61.4 61.4c-4.6 4.6-12.1 4.6-16.8 0l-22.3-22.3c-4.6-4.6-4.6-12.1 0-16.8l61.4-61.4-61.4-61.4c-4.6-4.6-4.6-12.1 0-16.8l22.3-22.3c4.6-4.6 12.1-4.6 16.8 0l61.4 61.4 61.4-61.4c4.6-4.6 12.1-4.6 16.8 0l22.3 22.3c4.7 4.6 4.7 12.1 0 16.8z&quot;&gt;&lt;\/path&gt;&lt;\/svg&gt;\" data-full-width=\"yes\">\n\t\t\t\t\t<ul id=\"menu-1-956d2a5\" class=\"hfe-nav-menu\"><li id=\"menu-item-8331\" class=\"menu-item menu-item-type-post_type menu-item-object-page menu-item-home parent hfe-creative-menu\"><a href=\"https:\/\/hausmansuites.com\/en\/\" class = \"hfe-menu-item\">Home<\/a><\/li>\n<li id=\"menu-item-8332\" class=\"menu-item menu-item-type-post_type menu-item-object-page parent hfe-creative-menu\"><a href=\"https:\/\/hausmansuites.com\/en\/the-concept\/\" class = \"hfe-menu-item\">Concept<\/a><\/li>\n<li id=\"menu-item-8334\" class=\"menu-item menu-item-type-post_type menu-item-object-page parent hfe-creative-menu\"><a href=\"https:\/\/hausmansuites.com\/en\/our-residences\/\" class = \"hfe-menu-item\">Our residences<\/a><\/li>\n<li id=\"menu-item-8335\" class=\"menu-item menu-item-type-post_type menu-item-object-page parent hfe-creative-menu\"><a href=\"https:\/\/hausmansuites.com\/en\/private-hire\/\" class = \"hfe-menu-item\">Private hire<\/a><\/li>\n<li id=\"menu-item-8333\" class=\"menu-item menu-item-type-post_type menu-item-object-page parent hfe-creative-menu\"><a href=\"https:\/\/hausmansuites.com\/en\/faq\/\" class = \"hfe-menu-item\">FAQ<\/a><\/li>\n<li id=\"menu-item-8330\" class=\"menu-item menu-item-type-custom menu-item-object-custom parent hfe-creative-menu\"><a href=\"https:\/\/reservation.hausmansuites.com\/\" class = \"hfe-menu-item\">Book a stay<\/a><\/li>\n<li id=\"menu-item-wpml-ls-3-fr\" class=\"menu-item wpml-ls-slot-3 wpml-ls-item wpml-ls-item-fr wpml-ls-menu-item wpml-ls-first-item wpml-ls-last-item menu-item-type-wpml_ls_menu_item menu-item-object-wpml_ls_menu_item parent hfe-creative-menu\"><a title=\"Switch to \" href=\"https:\/\/hausmansuites.com\/\" class = \"hfe-menu-item\"><img decoding=\"async\"\n            class=\"wpml-ls-flag lazyload\"\n            data-src=\"https:\/\/hausmansuites.com\/wp-content\/plugins\/sitepress-multilingual-cms\/res\/flags\/fr.svg\"\n            alt=\"French\"\n            \n            \n src=\"data:image\/svg+xml;base64,PHN2ZyB3aWR0aD0iMSIgaGVpZ2h0PSIxIiB4bWxucz0iaHR0cDovL3d3dy53My5vcmcvMjAwMC9zdmciPjwvc3ZnPg==\" \/><\/a><\/li>\n<\/ul> \n\t\t\t\t<\/nav>\n\t\t\t<\/div>\n\t\t\t\t\t\t\t<\/div>\n\t\t\t\t<\/div>\n\t\t\t\t<\/div>\n\t\t<div class=\"elementor-element elementor-element-e3317a1 e-con-full e-flex wpr-particle-no wpr-jarallax-no wpr-parallax-no wpr-sticky-section-no e-con e-child\" data-id=\"e3317a1\" data-element_type=\"container\" data-settings=\"{&quot;background_background&quot;:&quot;classic&quot;}\">\n\t\t<div class=\"elementor-element elementor-element-1917b6d e-con-full e-flex wpr-particle-no wpr-jarallax-no wpr-parallax-no wpr-sticky-section-no elementor-invisible e-con e-child\" data-id=\"1917b6d\" data-element_type=\"container\" data-settings=\"{&quot;animation&quot;:&quot;fadeInLeft&quot;}\">\n\t\t\t\t<div class=\"elementor-element elementor-element-27b3e9b elementor-widget elementor-widget-image\" data-id=\"27b3e9b\" data-element_type=\"widget\" data-widget_type=\"image.default\">\n\t\t\t\t\t\t\t\t\t\t\t\t\t\t\t<img fetchpriority=\"high\" decoding=\"async\" width=\"800\" height=\"452\" src=\"https:\/\/hausmansuites.com\/wp-content\/uploads\/2025\/08\/foch-1024x578.png\" class=\"attachment-large size-large wp-image-7213\" alt=\"\" srcset=\"https:\/\/hausmansuites.com\/wp-content\/uploads\/2025\/08\/foch-1024x578.png 1024w, https:\/\/hausmansuites.com\/wp-content\/uploads\/2025\/08\/foch-300x169.png 300w, https:\/\/hausmansuites.com\/wp-content\/uploads\/2025\/08\/foch-768x433.png 768w, https:\/\/hausmansuites.com\/wp-content\/uploads\/2025\/08\/foch-1536x867.png 1536w, https:\/\/hausmansuites.com\/wp-content\/uploads\/2025\/08\/foch.png 1912w\" sizes=\"(max-width: 800px) 100vw, 800px\" \/>\t\t\t\t\t\t\t\t\t\t\t\t\t\t\t<\/div>\n\t\t\t\t<\/div>\n\t\t<div class=\"elementor-element elementor-element-8140377 e-con-full e-flex wpr-particle-no wpr-jarallax-no wpr-parallax-no wpr-sticky-section-no elementor-invisible e-con e-child\" data-id=\"8140377\" data-element_type=\"container\" data-settings=\"{&quot;animation&quot;:&quot;fadeInRight&quot;}\">\n\t\t\t\t<div class=\"elementor-element elementor-element-233a030 elementor-widget elementor-widget-heading\" data-id=\"233a030\" data-element_type=\"widget\" data-widget_type=\"heading.default\">\n\t\t\t\t\t<h2 class=\"elementor-heading-title elementor-size-default\"><span data-token-index=\"0\" class=\"notion-enable-hover\">Lyon Foch Residence<\/span><\/h2>\t\t\t\t<\/div>\n\t\t\t\t<div class=\"elementor-element elementor-element-ed458c9 elementor-widget elementor-widget-heading\" data-id=\"ed458c9\" data-element_type=\"widget\" data-widget_type=\"heading.default\">\n\t\t\t\t\t<h2 class=\"elementor-heading-title elementor-size-default\">A hotel reinvented as a chic urban residence<\/h2>\t\t\t\t<\/div>\n\t\t\t\t<div class=\"elementor-element elementor-element-c29f9a1 elementor-widget elementor-widget-heading\" data-id=\"c29f9a1\" data-element_type=\"widget\" data-widget_type=\"heading.default\">\n\t\t\t\t\t<h2 class=\"elementor-heading-title elementor-size-default\">Located in one of Lyon's most sought-after neighborhoods, a stone's throw from Parc de la T\u00eate d'Or and the Presqu'\u00eele, the Foch residence transforms a classic hotel into 19 luxury suites, spread across three floors of a Haussmannian building.\n<br><br>\nPending its opening, it is already possible to plan a stay or pre-book the residence for a private event (events, seminars, etc.).\n<br><br>Our team is available to assist you in organizing your specific needs.\n<\/h2>\t\t\t\t<\/div>\n\t\t<div class=\"elementor-element elementor-element-b8afc0a e-con-full e-flex wpr-particle-no wpr-jarallax-no wpr-parallax-no wpr-sticky-section-no e-con e-child\" data-id=\"b8afc0a\" data-element_type=\"container\" data-settings=\"{&quot;background_background&quot;:&quot;classic&quot;}\">\n\t\t\t\t<div class=\"elementor-element elementor-element-a2124a9 elementor-align-center elementor-widget elementor-widget-button\" data-id=\"a2124a9\" data-element_type=\"widget\" data-widget_type=\"button.default\">\n\t\t\t\t\t\t\t\t\t\t<a class=\"elementor-button elementor-button-link elementor-size-sm elementor-animation-grow\" href=\"https:\/\/hausmansuites.com\/en\/contact\/\">\n\t\t\t\t\t\t<span class=\"elementor-button-content-wrapper\">\n\t\t\t\t\t\t<span class=\"elementor-button-icon\">\n\t\t\t\t<svg aria-hidden=\"true\" class=\"e-font-icon-svg e-fas-chevron-right\" viewBox=\"0 0 320 512\" xmlns=\"http:\/\/www.w3.org\/2000\/svg\"><path d=\"M285.476 272.971L91.132 467.314c-9.373 9.373-24.569 9.373-33.941 0l-22.667-22.667c-9.357-9.357-9.375-24.522-.04-33.901L188.505 256 34.484 101.255c-9.335-9.379-9.317-24.544.04-33.901l22.667-22.667c9.373-9.373 24.569-9.373 33.941 0L285.475 239.03c9.373 9.372 9.373 24.568.001 33.941z\"><\/path><\/svg>\t\t\t<\/span>\n\t\t\t\t\t\t\t\t\t<span class=\"elementor-button-text\">Plan a stay<\/span>\n\t\t\t\t\t<\/span>\n\t\t\t\t\t<\/a>\n\t\t\t\t\t\t\t\t<\/div>\n\t\t\t\t<\/div>\n\t\t\t\t<\/div>\n\t\t\t\t<\/div>\n\t\t\t\t\t<\/div>\n\t\t\t\t<\/div>\n\t\t\t\t<\/div>\n\t\t","protected":false},"excerpt":{"rendered":"<p>Menu Accueil Le concept Nos r\u00e9sidences Privatisation F.A.Q Nous contacter Lyon Foch Residence A hotel reinvented as a chic urban residence Located in one of Lyon&#8217;s most sought-after neighborhoods, a stone&#8217;s throw from Parc de la T\u00eate d&#8217;Or and the Presqu&#8217;\u00eele, the Foch residence transforms a classic hotel into 19 luxury suites, spread across three floors of a Haussmannian building. Pending its opening, it is already possible to plan a stay or pre-book the residence for a private event (events, seminars, etc.). Our team is available to assist you in organizing your specific needs. Plan a stay<\/p>\n","protected":false},"author":1,"featured_media":0,"parent":0,"menu_order":0,"comment_status":"closed","ping_status":"closed","template":"","meta":{"_acf_changed":false,"footnotes":""},"class_list":["post-7313","page","type-page","status-publish","hentry"],"acf":[],"yoast_head":"<!-- This site is optimized with the Yoast SEO plugin v25.5 - https:\/\/yoast.com\/wordpress\/plugins\/seo\/ -->\n<title>Hausman Suites | Luxury Residence, Lyon Foch (6th)<\/title>\n<meta name=\"description\" content=\"Luxury residence in Lyon&#039;s 6th Arrondissement (Foch): apartment-style comfort and high-end hotel services in the heart of Lyon.\" \/>\n<meta name=\"robots\" content=\"index, follow, max-snippet:-1, max-image-preview:large, max-video-preview:-1\" \/>\n<link rel=\"canonical\" href=\"https:\/\/hausmansuites.com\/en\/lyon-foch\/\" \/>\n<meta property=\"og:locale\" content=\"en_US\" \/>\n<meta property=\"og:type\" content=\"article\" \/>\n<meta property=\"og:title\" content=\"Hausman Suites | Luxury Residence, Lyon Foch (6th)\" \/>\n<meta property=\"og:description\" content=\"Luxury residence in Lyon&#039;s 6th Arrondissement (Foch): apartment-style comfort and high-end hotel services in the heart of Lyon.\" \/>\n<meta property=\"og:url\" content=\"https:\/\/hausmansuites.com\/en\/lyon-foch\/\" \/>\n<meta property=\"og:site_name\" content=\"Hausman Suites\" \/>\n<meta property=\"article:modified_time\" content=\"2025-08-16T09:17:51+00:00\" \/>\n<meta name=\"twitter:card\" content=\"summary_large_image\" \/>\n<meta name=\"twitter:label1\" content=\"Est. reading time\" \/>\n\t<meta name=\"twitter:data1\" content=\"1 minute\" \/>\n<script type=\"application\/ld+json\" class=\"yoast-schema-graph\">{\"@context\":\"https:\/\/schema.org\",\"@graph\":[{\"@type\":\"WebPage\",\"@id\":\"https:\/\/hausmansuites.com\/en\/lyon-foch\/\",\"url\":\"https:\/\/hausmansuites.com\/en\/lyon-foch\/\",\"name\":\"Hausman Suites | Luxury Residence, Lyon Foch (6th)\",\"isPartOf\":{\"@id\":\"https:\/\/hausmansuites.com\/en\/#website\"},\"primaryImageOfPage\":{\"@id\":\"https:\/\/hausmansuites.com\/en\/lyon-foch\/#primaryimage\"},\"image\":{\"@id\":\"https:\/\/hausmansuites.com\/en\/lyon-foch\/#primaryimage\"},\"thumbnailUrl\":\"https:\/\/hausmansuites.com\/wp-content\/uploads\/2025\/07\/Group-11-1.svg\",\"datePublished\":\"2025-07-21T19:56:17+00:00\",\"dateModified\":\"2025-08-16T09:17:51+00:00\",\"description\":\"Luxury residence in Lyon's 6th Arrondissement (Foch): apartment-style comfort and high-end hotel services in the heart of Lyon.\",\"breadcrumb\":{\"@id\":\"https:\/\/hausmansuites.com\/en\/lyon-foch\/#breadcrumb\"},\"inLanguage\":\"en-US\",\"potentialAction\":[{\"@type\":\"ReadAction\",\"target\":[\"https:\/\/hausmansuites.com\/en\/lyon-foch\/\"]}]},{\"@type\":\"ImageObject\",\"inLanguage\":\"en-US\",\"@id\":\"https:\/\/hausmansuites.com\/en\/lyon-foch\/#primaryimage\",\"url\":\"https:\/\/hausmansuites.com\/wp-content\/uploads\/2025\/07\/Group-11-1.svg\",\"contentUrl\":\"https:\/\/hausmansuites.com\/wp-content\/uploads\/2025\/07\/Group-11-1.svg\"},{\"@type\":\"BreadcrumbList\",\"@id\":\"https:\/\/hausmansuites.com\/en\/lyon-foch\/#breadcrumb\",\"itemListElement\":[{\"@type\":\"ListItem\",\"position\":1,\"name\":\"Accueil\",\"item\":\"https:\/\/hausmansuites.com\/en\/home\/\"},{\"@type\":\"ListItem\",\"position\":2,\"name\":\"Lyon Foch\"}]},{\"@type\":\"WebSite\",\"@id\":\"https:\/\/hausmansuites.com\/en\/#website\",\"url\":\"https:\/\/hausmansuites.com\/en\/\",\"name\":\"Hausman Suites - Suites d'exception \u00e0 Lyon\",\"description\":\"Nouvelle g\u00e9n\u00e9ration d\u2019appart\u2019h\u00f4tels \u00e0 Lyon\",\"publisher\":{\"@id\":\"https:\/\/hausmansuites.com\/en\/#organization\"},\"potentialAction\":[{\"@type\":\"SearchAction\",\"target\":{\"@type\":\"EntryPoint\",\"urlTemplate\":\"https:\/\/hausmansuites.com\/en\/?s={search_term_string}\"},\"query-input\":{\"@type\":\"PropertyValueSpecification\",\"valueRequired\":true,\"valueName\":\"search_term_string\"}}],\"inLanguage\":\"en-US\"},{\"@type\":\"Organization\",\"@id\":\"https:\/\/hausmansuites.com\/en\/#organization\",\"name\":\"Hausman Suites\",\"url\":\"https:\/\/hausmansuites.com\/en\/\",\"logo\":{\"@type\":\"ImageObject\",\"inLanguage\":\"en-US\",\"@id\":\"https:\/\/hausmansuites.com\/en\/#\/schema\/logo\/image\/\",\"url\":\"https:\/\/hausmansuites.com\/wp-content\/uploads\/2025\/07\/Group-5-4.png\",\"contentUrl\":\"https:\/\/hausmansuites.com\/wp-content\/uploads\/2025\/07\/Group-5-4.png\",\"width\":1174,\"height\":321,\"caption\":\"Hausman Suites\"},\"image\":{\"@id\":\"https:\/\/hausmansuites.com\/en\/#\/schema\/logo\/image\/\"}}]}<\/script>\n<!-- \/ Yoast SEO plugin. -->","yoast_head_json":{"title":"Hausman Suites | Luxury Residence, Lyon Foch (6th)","description":"Luxury residence in Lyon's 6th Arrondissement (Foch): apartment-style comfort and high-end hotel services in the heart of Lyon.","robots":{"index":"index","follow":"follow","max-snippet":"max-snippet:-1","max-image-preview":"max-image-preview:large","max-video-preview":"max-video-preview:-1"},"canonical":"https:\/\/hausmansuites.com\/en\/lyon-foch\/","og_locale":"en_US","og_type":"article","og_title":"Hausman Suites | Luxury Residence, Lyon Foch (6th)","og_description":"Luxury residence in Lyon's 6th Arrondissement (Foch): apartment-style comfort and high-end hotel services in the heart of Lyon.","og_url":"https:\/\/hausmansuites.com\/en\/lyon-foch\/","og_site_name":"Hausman Suites","article_modified_time":"2025-08-16T09:17:51+00:00","twitter_card":"summary_large_image","twitter_misc":{"Est. reading time":"1 minute"},"schema":{"@context":"https:\/\/schema.org","@graph":[{"@type":"WebPage","@id":"https:\/\/hausmansuites.com\/en\/lyon-foch\/","url":"https:\/\/hausmansuites.com\/en\/lyon-foch\/","name":"Hausman Suites | Luxury Residence, Lyon Foch (6th)","isPartOf":{"@id":"https:\/\/hausmansuites.com\/en\/#website"},"primaryImageOfPage":{"@id":"https:\/\/hausmansuites.com\/en\/lyon-foch\/#primaryimage"},"image":{"@id":"https:\/\/hausmansuites.com\/en\/lyon-foch\/#primaryimage"},"thumbnailUrl":"https:\/\/hausmansuites.com\/wp-content\/uploads\/2025\/07\/Group-11-1.svg","datePublished":"2025-07-21T19:56:17+00:00","dateModified":"2025-08-16T09:17:51+00:00","description":"Luxury residence in Lyon's 6th Arrondissement (Foch): apartment-style comfort and high-end hotel services in the heart of Lyon.","breadcrumb":{"@id":"https:\/\/hausmansuites.com\/en\/lyon-foch\/#breadcrumb"},"inLanguage":"en-US","potentialAction":[{"@type":"ReadAction","target":["https:\/\/hausmansuites.com\/en\/lyon-foch\/"]}]},{"@type":"ImageObject","inLanguage":"en-US","@id":"https:\/\/hausmansuites.com\/en\/lyon-foch\/#primaryimage","url":"https:\/\/hausmansuites.com\/wp-content\/uploads\/2025\/07\/Group-11-1.svg","contentUrl":"https:\/\/hausmansuites.com\/wp-content\/uploads\/2025\/07\/Group-11-1.svg"},{"@type":"BreadcrumbList","@id":"https:\/\/hausmansuites.com\/en\/lyon-foch\/#breadcrumb","itemListElement":[{"@type":"ListItem","position":1,"name":"Accueil","item":"https:\/\/hausmansuites.com\/en\/home\/"},{"@type":"ListItem","position":2,"name":"Lyon Foch"}]},{"@type":"WebSite","@id":"https:\/\/hausmansuites.com\/en\/#website","url":"https:\/\/hausmansuites.com\/en\/","name":"Hausman Suites - Suites d'exception \u00e0 Lyon","description":"Nouvelle g\u00e9n\u00e9ration d\u2019appart\u2019h\u00f4tels \u00e0 Lyon","publisher":{"@id":"https:\/\/hausmansuites.com\/en\/#organization"},"potentialAction":[{"@type":"SearchAction","target":{"@type":"EntryPoint","urlTemplate":"https:\/\/hausmansuites.com\/en\/?s={search_term_string}"},"query-input":{"@type":"PropertyValueSpecification","valueRequired":true,"valueName":"search_term_string"}}],"inLanguage":"en-US"},{"@type":"Organization","@id":"https:\/\/hausmansuites.com\/en\/#organization","name":"Hausman Suites","url":"https:\/\/hausmansuites.com\/en\/","logo":{"@type":"ImageObject","inLanguage":"en-US","@id":"https:\/\/hausmansuites.com\/en\/#\/schema\/logo\/image\/","url":"https:\/\/hausmansuites.com\/wp-content\/uploads\/2025\/07\/Group-5-4.png","contentUrl":"https:\/\/hausmansuites.com\/wp-content\/uploads\/2025\/07\/Group-5-4.png","width":1174,"height":321,"caption":"Hausman Suites"},"image":{"@id":"https:\/\/hausmansuites.com\/en\/#\/schema\/logo\/image\/"}}]}},"_links":{"self":[{"href":"https:\/\/hausmansuites.com\/en\/wp-json\/wp\/v2\/pages\/7313","targetHints":{"allow":["GET"]}}],"collection":[{"href":"https:\/\/hausmansuites.com\/en\/wp-json\/wp\/v2\/pages"}],"about":[{"href":"https:\/\/hausmansuites.com\/en\/wp-json\/wp\/v2\/types\/page"}],"author":[{"embeddable":true,"href":"https:\/\/hausmansuites.com\/en\/wp-json\/wp\/v2\/users\/1"}],"replies":[{"embeddable":true,"href":"https:\/\/hausmansuites.com\/en\/wp-json\/wp\/v2\/comments?post=7313"}],"version-history":[{"count":5,"href":"https:\/\/hausmansuites.com\/en\/wp-json\/wp\/v2\/pages\/7313\/revisions"}],"predecessor-version":[{"id":8095,"href":"https:\/\/hausmansuites.com\/en\/wp-json\/wp\/v2\/pages\/7313\/revisions\/8095"}],"wp:attachment":[{"href":"https:\/\/hausmansuites.com\/en\/wp-json\/wp\/v2\/media?parent=7313"}],"curies":[{"name":"wp","href":"https:\/\/api.w.org\/{rel}","templated":true}]}}