{"id":7315,"date":"2025-07-24T19:25:07","date_gmt":"2025-07-24T17:25:07","guid":{"rendered":"https:\/\/hausmansuites.com\/contact\/"},"modified":"2025-08-16T11:15:58","modified_gmt":"2025-08-16T09:15:58","slug":"contact","status":"publish","type":"page","link":"https:\/\/hausmansuites.com\/en\/contact\/","title":{"rendered":"Contact"},"content":{"rendered":"\t\t<div data-elementor-type=\"wp-page\" data-elementor-id=\"7315\" class=\"elementor elementor-7315 elementor-5578\" data-elementor-post-type=\"page\">\n\t\t\t\t<div class=\"elementor-element elementor-element-46d9fb33 e-con-full e-flex wpr-particle-no wpr-jarallax-no wpr-parallax-no wpr-sticky-section-no e-con e-parent\" data-id=\"46d9fb33\" data-element_type=\"container\" data-settings=\"{&quot;background_background&quot;:&quot;classic&quot;}\">\n\t\t\t\t<div class=\"elementor-element elementor-element-4c739139 elementor-widget elementor-widget-heading\" data-id=\"4c739139\" data-element_type=\"widget\" data-widget_type=\"heading.default\">\n\t\t\t\t\t<h2 class=\"elementor-heading-title elementor-size-default\">Contact Us<\/h2>\t\t\t\t<\/div>\n\t\t\t\t<\/div>\n\t\t<div class=\"elementor-element elementor-element-96cae30 e-flex e-con-boxed wpr-particle-no wpr-jarallax-no wpr-parallax-no wpr-sticky-section-no e-con e-parent\" data-id=\"96cae30\" data-element_type=\"container\" data-settings=\"{&quot;background_background&quot;:&quot;classic&quot;}\">\n\t\t\t\t\t<div class=\"e-con-inner\">\n\t\t<div class=\"elementor-element elementor-element-1de839f0 e-con-full e-flex wpr-particle-no wpr-jarallax-no wpr-parallax-no wpr-sticky-section-no e-con e-child\" data-id=\"1de839f0\" data-element_type=\"container\" data-settings=\"{&quot;background_background&quot;:&quot;classic&quot;}\">\n\t\t\t\t<div class=\"elementor-element elementor-element-48f5bd31 elementor-widget-tablet__width-inherit elementor-button-align-center elementor-widget elementor-widget-form\" data-id=\"48f5bd31\" data-element_type=\"widget\" data-settings=\"{&quot;step_next_label&quot;:&quot;Next&quot;,&quot;step_previous_label&quot;:&quot;Previous&quot;,&quot;button_width&quot;:&quot;100&quot;,&quot;step_type&quot;:&quot;number_text&quot;,&quot;step_icon_shape&quot;:&quot;circle&quot;}\" data-widget_type=\"form.default\">\n\t\t\t\t\t\t\t<form class=\"elementor-form\" method=\"post\" name=\"WorkShop\">\n\t\t\t<input type=\"hidden\" name=\"post_id\" value=\"7315\"\/>\n\t\t\t<input type=\"hidden\" name=\"form_id\" value=\"48f5bd31\"\/>\n\t\t\t<input type=\"hidden\" name=\"referer_title\" value=\"Hausman Suites | Contact &amp; Reservations for Luxury Stays\" \/>\n\n\t\t\t\t\t\t\t<input type=\"hidden\" name=\"queried_id\" value=\"7315\"\/>\n\t\t\t\n\t\t\t<div class=\"elementor-form-fields-wrapper elementor-labels-above\">\n\t\t\t\t\t\t\t\t<div class=\"elementor-field-type-text elementor-field-group elementor-column elementor-field-group-name elementor-col-100 elementor-field-required\">\n\t\t\t\t\t\t\t\t\t\t\t\t<label for=\"form-field-name\" class=\"elementor-field-label\">\n\t\t\t\t\t\t\t\tLast Name\t\t\t\t\t\t\t<\/label>\n\t\t\t\t\t\t\t\t\t\t\t\t\t\t<input size=\"1\" type=\"text\" name=\"form_fields[name]\" id=\"form-field-name\" class=\"elementor-field elementor-size-lg  elementor-field-textual\" placeholder=\"Your name\" required=\"required\">\n\t\t\t\t\t\t\t\t\t\t\t<\/div>\n\t\t\t\t\t\t\t\t<div class=\"elementor-field-type-email elementor-field-group elementor-column elementor-field-group-email elementor-col-100 elementor-field-required\">\n\t\t\t\t\t\t\t\t\t\t\t\t<label for=\"form-field-email\" class=\"elementor-field-label\">\n\t\t\t\t\t\t\t\tEmail\t\t\t\t\t\t\t<\/label>\n\t\t\t\t\t\t\t\t\t\t\t\t\t\t<input size=\"1\" type=\"email\" name=\"form_fields[email]\" id=\"form-field-email\" class=\"elementor-field elementor-size-lg  elementor-field-textual\" placeholder=\"Your email address\" required=\"required\">\n\t\t\t\t\t\t\t\t\t\t\t<\/div>\n\t\t\t\t\t\t\t\t<div class=\"elementor-field-type-tel elementor-field-group elementor-column elementor-field-group-field_7ea8fe7 elementor-col-100\">\n\t\t\t\t\t\t\t\t\t\t\t\t<label for=\"form-field-field_7ea8fe7\" class=\"elementor-field-label\">\n\t\t\t\t\t\t\t\tPhone\t\t\t\t\t\t\t<\/label>\n\t\t\t\t\t\t\t\t<input size=\"1\" type=\"tel\" name=\"form_fields[field_7ea8fe7]\" id=\"form-field-field_7ea8fe7\" class=\"elementor-field elementor-size-lg  elementor-field-textual\" placeholder=\"Phone Number\" pattern=\"[0-9()#&amp;+*-=.]+\" title=\"Only numbers and phone characters (#, -, *, etc) are accepted.\">\n\n\t\t\t\t\t\t<\/div>\n\t\t\t\t\t\t\t\t<div class=\"elementor-field-type-select elementor-field-group elementor-column elementor-field-group-field_a95beab elementor-col-100 elementor-field-required\">\n\t\t\t\t\t\t\t\t\t\t\t\t<label for=\"form-field-field_a95beab\" class=\"elementor-field-label\">\n\t\t\t\t\t\t\t\tSubject of the request\t\t\t\t\t\t\t<\/label>\n\t\t\t\t\t\t\t\t<div class=\"elementor-field elementor-select-wrapper remove-before \">\n\t\t\t<div class=\"select-caret-down-wrapper\">\n\t\t\t\t<svg aria-hidden=\"true\" class=\"e-font-icon-svg e-eicon-caret-down\" viewBox=\"0 0 571.4 571.4\" xmlns=\"http:\/\/www.w3.org\/2000\/svg\"><path d=\"M571 393Q571 407 561 418L311 668Q300 679 286 679T261 668L11 418Q0 407 0 393T11 368 36 357H536Q550 357 561 368T571 393Z\"><\/path><\/svg>\t\t\t<\/div>\n\t\t\t<select name=\"form_fields[field_a95beab]\" id=\"form-field-field_a95beab\" class=\"elementor-field-textual elementor-size-lg\" required=\"required\">\n\t\t\t\t\t\t\t\t\t<option value=\"Private Event\">Private Event<\/option>\n\t\t\t\t\t\t\t\t\t<option value=\"Booking Request\">Booking Request<\/option>\n\t\t\t\t\t\t\t\t\t<option value=\"Information Request\">Information Request<\/option>\n\t\t\t\t\t\t\t\t\t<option value=\"Other\">Other<\/option>\n\t\t\t\t\t\t\t\t\t<option value=\"Select a subject\">Select a subject<\/option>\n\t\t\t\t\t\t\t<\/select>\n\t\t<\/div>\n\t\t\t\t\t\t<\/div>\n\t\t\t\t\t\t\t\t<div class=\"elementor-field-type-textarea elementor-field-group elementor-column elementor-field-group-field_c5158ee elementor-col-100 elementor-field-required\">\n\t\t\t\t\t\t\t\t\t\t\t\t<label for=\"form-field-field_c5158ee\" class=\"elementor-field-label\">\n\t\t\t\t\t\t\t\tYour message...\t\t\t\t\t\t\t<\/label>\n\t\t\t\t\t\t<textarea class=\"elementor-field-textual elementor-field  elementor-size-lg\" name=\"form_fields[field_c5158ee]\" id=\"form-field-field_c5158ee\" rows=\"4\" placeholder=\"Write your message...\" required=\"required\"><\/textarea>\t\t\t\t<\/div>\n\t\t\t\t\t\t\t\t<div class=\"elementor-field-group elementor-column elementor-field-type-submit elementor-col-100 e-form__buttons\">\n\t\t\t\t\t<button class=\"elementor-button elementor-size-md elementor-animation-grow\" type=\"submit\">\n\t\t\t\t\t\t<span class=\"elementor-button-content-wrapper\">\n\t\t\t\t\t\t\t\t\t\t\t\t\t\t\t\t\t\t\t\t\t\t<span class=\"elementor-button-text\">Send<\/span>\n\t\t\t\t\t\t\t\t\t\t\t\t\t<\/span>\n\t\t\t\t\t<\/button>\n\t\t\t\t<\/div>\n\t\t\t<\/div>\n\t\t<\/form>\n\t\t\t\t\t\t<\/div>\n\t\t\t\t<\/div>\n\t\t\t\t\t<\/div>\n\t\t\t\t<\/div>\n\t\t<div class=\"elementor-element elementor-element-2903149f e-con-full e-flex wpr-particle-no wpr-jarallax-no wpr-parallax-no wpr-sticky-section-no e-con e-parent\" data-id=\"2903149f\" data-element_type=\"container\">\n\t\t\t\t<\/div>\n\t\t\t\t<\/div>\n\t\t","protected":false},"excerpt":{"rendered":"<p>Contact Us<\/p>\n","protected":false},"author":1,"featured_media":0,"parent":0,"menu_order":0,"comment_status":"closed","ping_status":"closed","template":"","meta":{"_acf_changed":false,"footnotes":""},"class_list":["post-7315","page","type-page","status-publish","hentry"],"acf":[],"yoast_head":"<!-- This site is optimized with the Yoast SEO plugin v25.5 - https:\/\/yoast.com\/wordpress\/plugins\/seo\/ -->\n<title>Hausman Suites | Contact &amp; Reservations for Luxury Stays<\/title>\n<meta name=\"description\" content=\"Contact Hausman Suites for any inquiries or to book a stay in Lyon and Saint-Cyr-au-Mont-d&#039;Or. Prompt response and personalized service.\" \/>\n<meta name=\"robots\" content=\"index, follow, max-snippet:-1, max-image-preview:large, max-video-preview:-1\" \/>\n<link rel=\"canonical\" href=\"https:\/\/hausmansuites.com\/en\/contact\/\" \/>\n<meta property=\"og:locale\" content=\"en_US\" \/>\n<meta property=\"og:type\" content=\"article\" \/>\n<meta property=\"og:title\" content=\"Hausman Suites | Contact &amp; Reservations for Luxury Stays\" \/>\n<meta property=\"og:description\" content=\"Contact Hausman Suites for any inquiries or to book a stay in Lyon and Saint-Cyr-au-Mont-d&#039;Or. Prompt response and personalized service.\" \/>\n<meta property=\"og:url\" content=\"https:\/\/hausmansuites.com\/en\/contact\/\" \/>\n<meta property=\"og:site_name\" content=\"Hausman Suites\" \/>\n<meta property=\"article:modified_time\" content=\"2025-08-16T09:15:58+00:00\" \/>\n<meta name=\"twitter:card\" content=\"summary_large_image\" \/>\n<script type=\"application\/ld+json\" class=\"yoast-schema-graph\">{\"@context\":\"https:\/\/schema.org\",\"@graph\":[{\"@type\":\"WebPage\",\"@id\":\"https:\/\/hausmansuites.com\/en\/contact\/\",\"url\":\"https:\/\/hausmansuites.com\/en\/contact\/\",\"name\":\"Hausman Suites | Contact & Reservations for Luxury Stays\",\"isPartOf\":{\"@id\":\"https:\/\/hausmansuites.com\/en\/#website\"},\"datePublished\":\"2025-07-24T17:25:07+00:00\",\"dateModified\":\"2025-08-16T09:15:58+00:00\",\"description\":\"Contact Hausman Suites for any inquiries or to book a stay in Lyon and Saint-Cyr-au-Mont-d'Or. Prompt response and personalized service.\",\"breadcrumb\":{\"@id\":\"https:\/\/hausmansuites.com\/en\/contact\/#breadcrumb\"},\"inLanguage\":\"en-US\",\"potentialAction\":[{\"@type\":\"ReadAction\",\"target\":[\"https:\/\/hausmansuites.com\/en\/contact\/\"]}]},{\"@type\":\"BreadcrumbList\",\"@id\":\"https:\/\/hausmansuites.com\/en\/contact\/#breadcrumb\",\"itemListElement\":[{\"@type\":\"ListItem\",\"position\":1,\"name\":\"Accueil\",\"item\":\"https:\/\/hausmansuites.com\/en\/home\/\"},{\"@type\":\"ListItem\",\"position\":2,\"name\":\"Contact\"}]},{\"@type\":\"WebSite\",\"@id\":\"https:\/\/hausmansuites.com\/en\/#website\",\"url\":\"https:\/\/hausmansuites.com\/en\/\",\"name\":\"Hausman Suites - Suites d'exception \u00e0 Lyon\",\"description\":\"Nouvelle g\u00e9n\u00e9ration d\u2019appart\u2019h\u00f4tels \u00e0 Lyon\",\"publisher\":{\"@id\":\"https:\/\/hausmansuites.com\/en\/#organization\"},\"potentialAction\":[{\"@type\":\"SearchAction\",\"target\":{\"@type\":\"EntryPoint\",\"urlTemplate\":\"https:\/\/hausmansuites.com\/en\/?s={search_term_string}\"},\"query-input\":{\"@type\":\"PropertyValueSpecification\",\"valueRequired\":true,\"valueName\":\"search_term_string\"}}],\"inLanguage\":\"en-US\"},{\"@type\":\"Organization\",\"@id\":\"https:\/\/hausmansuites.com\/en\/#organization\",\"name\":\"Hausman Suites\",\"url\":\"https:\/\/hausmansuites.com\/en\/\",\"logo\":{\"@type\":\"ImageObject\",\"inLanguage\":\"en-US\",\"@id\":\"https:\/\/hausmansuites.com\/en\/#\/schema\/logo\/image\/\",\"url\":\"https:\/\/hausmansuites.com\/wp-content\/uploads\/2025\/07\/Group-5-4.png\",\"contentUrl\":\"https:\/\/hausmansuites.com\/wp-content\/uploads\/2025\/07\/Group-5-4.png\",\"width\":1174,\"height\":321,\"caption\":\"Hausman Suites\"},\"image\":{\"@id\":\"https:\/\/hausmansuites.com\/en\/#\/schema\/logo\/image\/\"}}]}<\/script>\n<!-- \/ Yoast SEO plugin. -->","yoast_head_json":{"title":"Hausman Suites | Contact & Reservations for Luxury Stays","description":"Contact Hausman Suites for any inquiries or to book a stay in Lyon and Saint-Cyr-au-Mont-d'Or. Prompt response and personalized service.","robots":{"index":"index","follow":"follow","max-snippet":"max-snippet:-1","max-image-preview":"max-image-preview:large","max-video-preview":"max-video-preview:-1"},"canonical":"https:\/\/hausmansuites.com\/en\/contact\/","og_locale":"en_US","og_type":"article","og_title":"Hausman Suites | Contact & Reservations for Luxury Stays","og_description":"Contact Hausman Suites for any inquiries or to book a stay in Lyon and Saint-Cyr-au-Mont-d'Or. Prompt response and personalized service.","og_url":"https:\/\/hausmansuites.com\/en\/contact\/","og_site_name":"Hausman Suites","article_modified_time":"2025-08-16T09:15:58+00:00","twitter_card":"summary_large_image","schema":{"@context":"https:\/\/schema.org","@graph":[{"@type":"WebPage","@id":"https:\/\/hausmansuites.com\/en\/contact\/","url":"https:\/\/hausmansuites.com\/en\/contact\/","name":"Hausman Suites | Contact & Reservations for Luxury Stays","isPartOf":{"@id":"https:\/\/hausmansuites.com\/en\/#website"},"datePublished":"2025-07-24T17:25:07+00:00","dateModified":"2025-08-16T09:15:58+00:00","description":"Contact Hausman Suites for any inquiries or to book a stay in Lyon and Saint-Cyr-au-Mont-d'Or. Prompt response and personalized service.","breadcrumb":{"@id":"https:\/\/hausmansuites.com\/en\/contact\/#breadcrumb"},"inLanguage":"en-US","potentialAction":[{"@type":"ReadAction","target":["https:\/\/hausmansuites.com\/en\/contact\/"]}]},{"@type":"BreadcrumbList","@id":"https:\/\/hausmansuites.com\/en\/contact\/#breadcrumb","itemListElement":[{"@type":"ListItem","position":1,"name":"Accueil","item":"https:\/\/hausmansuites.com\/en\/home\/"},{"@type":"ListItem","position":2,"name":"Contact"}]},{"@type":"WebSite","@id":"https:\/\/hausmansuites.com\/en\/#website","url":"https:\/\/hausmansuites.com\/en\/","name":"Hausman Suites - Suites d'exception \u00e0 Lyon","description":"Nouvelle g\u00e9n\u00e9ration d\u2019appart\u2019h\u00f4tels \u00e0 Lyon","publisher":{"@id":"https:\/\/hausmansuites.com\/en\/#organization"},"potentialAction":[{"@type":"SearchAction","target":{"@type":"EntryPoint","urlTemplate":"https:\/\/hausmansuites.com\/en\/?s={search_term_string}"},"query-input":{"@type":"PropertyValueSpecification","valueRequired":true,"valueName":"search_term_string"}}],"inLanguage":"en-US"},{"@type":"Organization","@id":"https:\/\/hausmansuites.com\/en\/#organization","name":"Hausman Suites","url":"https:\/\/hausmansuites.com\/en\/","logo":{"@type":"ImageObject","inLanguage":"en-US","@id":"https:\/\/hausmansuites.com\/en\/#\/schema\/logo\/image\/","url":"https:\/\/hausmansuites.com\/wp-content\/uploads\/2025\/07\/Group-5-4.png","contentUrl":"https:\/\/hausmansuites.com\/wp-content\/uploads\/2025\/07\/Group-5-4.png","width":1174,"height":321,"caption":"Hausman Suites"},"image":{"@id":"https:\/\/hausmansuites.com\/en\/#\/schema\/logo\/image\/"}}]}},"_links":{"self":[{"href":"https:\/\/hausmansuites.com\/en\/wp-json\/wp\/v2\/pages\/7315","targetHints":{"allow":["GET"]}}],"collection":[{"href":"https:\/\/hausmansuites.com\/en\/wp-json\/wp\/v2\/pages"}],"about":[{"href":"https:\/\/hausmansuites.com\/en\/wp-json\/wp\/v2\/types\/page"}],"author":[{"embeddable":true,"href":"https:\/\/hausmansuites.com\/en\/wp-json\/wp\/v2\/users\/1"}],"replies":[{"embeddable":true,"href":"https:\/\/hausmansuites.com\/en\/wp-json\/wp\/v2\/comments?post=7315"}],"version-history":[{"count":1,"href":"https:\/\/hausmansuites.com\/en\/wp-json\/wp\/v2\/pages\/7315\/revisions"}],"predecessor-version":[{"id":7316,"href":"https:\/\/hausmansuites.com\/en\/wp-json\/wp\/v2\/pages\/7315\/revisions\/7316"}],"wp:attachment":[{"href":"https:\/\/hausmansuites.com\/en\/wp-json\/wp\/v2\/media?parent=7315"}],"curies":[{"name":"wp","href":"https:\/\/api.w.org\/{rel}","templated":true}]}}